{"id":2389,"date":"2021-02-08T03:14:24","date_gmt":"2021-02-08T03:14:24","guid":{"rendered":"https:\/\/proteklabofrance.com\/devis\/travaux\/inspection-par-video-camera-maroc\/"},"modified":"2021-02-08T03:21:48","modified_gmt":"2021-02-08T03:21:48","slug":"inspection-par-video-camera-maroc","status":"publish","type":"product","link":"https:\/\/proteklabofrance.com\/devis\/travaux\/inspection-par-video-camera-maroc\/","title":{"rendered":"Inspection par video camera Maroc"},"content":{"rendered":"<h2>Inspection par video camera  Devis Nettoyage de Conduits<\/h2><p>Votre entreprise de Inspection par video camera  sur Devis Cameras d&rsquo;Inspection &#038; Nettoyage de Conduits sur Protek labo france.<\/p><a href=\"https:\/\/proteklabofrance.com\/devis-pro\/\"><img loading=\"lazy\" src=\"https:\/\/proteklabofrance.com\/devis\/wp-content\/uploads\/images\/devis-inspection-video-camera-nettoyage-conduits-reseaux-maroc.jpg\" alt=\"Inspection par video camera Maroc\" width=\"700\" height=\"462\"><\/a><div class=\"container section-title-container\" ><h1 class=\"section-title section-title-bold-center\"><b><\/b><span class=\"section-title-main\" >Nos clients<\/span><b><\/b><\/h1><\/div>\r\n\r\n  <div class=\"banner-grid-wrapper\">\n  <div id=\"banner-grid-1853365859\" class=\"banner-grid row row-grid row-small\" data-packery-options=\"\">\n                      \r\n\r\n<div class=\"col grid-col large-4 grid-col-1-2\" ><div class=\"col-inner box-shadow-4\">\r\n\r\n\n  <div class=\"banner has-hover bg-zoom-long\" id=\"banner-823711571\">\n          <div class=\"banner-inner fill\">\n        <div class=\"banner-bg fill\" >\n            <div class=\"bg fill bg-fill \"><\/div>\n                                    \n                    <\/div>\n        <div class=\"banner-layers container\">\n            <div class=\"fill banner-link\"><\/div>            \r\n\r\n   <div id=\"text-box-703919039\" class=\"text-box banner-layer x50 md-x50 lg-x50 y50 md-y50 lg-y50 res-text\">\n                                <div class=\"text dark\">\n              \n              <div class=\"text-inner text-center\">\n                  \r\n\r\n<h3 class=\"uppercase\" style=\"padding:20px;\"><strong>OILS &amp; GAS Industrie<\/strong><\/h3>\r\n\r\n              <\/div>\n           <\/div>\n                            \n<style>\n#text-box-703919039 .text {\n  background-color: rgb(45, 140, 204);\n  font-size: 100%;\n}\n#text-box-703919039 {\n  width: 100%;\n}\n<\/style>\n    <\/div>\n \r\n\r\n        <\/div>\n      <\/div>\n\n            \n<style>\n#banner-823711571 {\n  padding-top: 500px;\n}\n#banner-823711571 .bg.bg-loaded {\n  background-image: url(https:\/\/proteklabofrance.com\/devis\/wp-content\/uploads\/2020\/10\/prestataire-traitement-de-l-air-installation-laboratoire-sorbonnes-oil-gas-industrie.jpg);\n}\n<\/style>\n  <\/div>\n\n\r\n\r\n<\/div><\/div>\r\n<div class=\"col grid-col large-4 grid-col-1-2\" ><div class=\"col-inner box-shadow-4\">\r\n\r\n\n  <div class=\"banner has-hover bg-zoom-long\" id=\"banner-1042325823\">\n          <div class=\"banner-inner fill\">\n        <div class=\"banner-bg fill\" >\n            <div class=\"bg fill bg-fill \"><\/div>\n                                    \n                    <\/div>\n        <div class=\"banner-layers container\">\n            <div class=\"fill banner-link\"><\/div>            \r\n\r\n   <div id=\"text-box-1940292347\" class=\"text-box banner-layer x50 md-x50 lg-x50 y50 md-y50 lg-y50 res-text\">\n                                <div class=\"text dark\">\n              \n              <div class=\"text-inner text-center\">\n                  \r\n\r\n<h3 class=\"uppercase\" style=\"padding:20px;\"><strong>Raffinerie<\/strong><\/h3>\r\n\r\n              <\/div>\n           <\/div>\n                            \n<style>\n#text-box-1940292347 .text {\n  background-color: rgb(45, 140, 204);\n  font-size: 100%;\n}\n#text-box-1940292347 {\n  width: 100%;\n}\n<\/style>\n    <\/div>\n \r\n\r\n        <\/div>\n      <\/div>\n\n            \n<style>\n#banner-1042325823 {\n  padding-top: 500px;\n}\n#banner-1042325823 .bg.bg-loaded {\n  background-image: url(https:\/\/proteklabofrance.com\/devis\/wp-content\/uploads\/2020\/10\/prestataire-traitement-de-l-air-installation-laboratoire-sorbonnes-raffinerie-petrochimie-industrie.jpg);\n}\n<\/style>\n  <\/div>\n\n\r\n\r\n<\/div><\/div>\r\n<div class=\"col grid-col large-4 grid-col-1-2\" ><div class=\"col-inner box-shadow-4\">\r\n\r\n\n  <div class=\"banner has-hover bg-zoom-long\" id=\"banner-362324627\">\n          <div class=\"banner-inner fill\">\n        <div class=\"banner-bg fill\" >\n            <div class=\"bg fill bg-fill \"><\/div>\n                                    \n                    <\/div>\n        <div class=\"banner-layers container\">\n            <div class=\"fill banner-link\"><\/div>            \r\n\r\n   <div id=\"text-box-858230497\" class=\"text-box banner-layer x50 md-x50 lg-x50 y50 md-y50 lg-y50 res-text\">\n                                <div class=\"text dark\">\n              \n              <div class=\"text-inner text-center\">\n                  \r\n\r\n<h3 class=\"uppercase\" style=\"padding:20px;\"><strong>Energie<\/strong><\/h3>\r\n\r\n              <\/div>\n           <\/div>\n                            \n<style>\n#text-box-858230497 .text {\n  background-color: rgb(45, 140, 204);\n  font-size: 100%;\n}\n#text-box-858230497 {\n  width: 100%;\n}\n<\/style>\n    <\/div>\n \r\n\r\n        <\/div>\n      <\/div>\n\n            \n<style>\n#banner-362324627 {\n  padding-top: 500px;\n}\n#banner-362324627 .bg.bg-loaded {\n  background-image: url(https:\/\/proteklabofrance.com\/devis\/wp-content\/uploads\/2020\/10\/prestataire-traitement-de-l-air-installation-laboratoire-sorbonnes-Energie-Environnement-industrie.jpg);\n}\n<\/style>\n  <\/div>\n\n\r\n\r\n<\/div><\/div>\r\n<div class=\"col grid-col large-4 grid-col-1-2\" ><div class=\"col-inner box-shadow-4\">\r\n\r\n\n  <div class=\"banner has-hover bg-zoom-long\" id=\"banner-729512849\">\n          <div class=\"banner-inner fill\">\n        <div class=\"banner-bg fill\" >\n            <div class=\"bg fill bg-fill \"><\/div>\n                                    \n                    <\/div>\n        <div class=\"banner-layers container\">\n            <div class=\"fill banner-link\"><\/div>            \r\n\r\n   <div id=\"text-box-1544395416\" class=\"text-box banner-layer x50 md-x50 lg-x50 y50 md-y50 lg-y50 res-text\">\n                                <div class=\"text dark\">\n              \n              <div class=\"text-inner text-center\">\n                  \r\n\r\n<h3 class=\"uppercase\" style=\"padding:20px;\"><strong>Pharma<\/strong><\/h3>\r\n\r\n              <\/div>\n           <\/div>\n                            \n<style>\n#text-box-1544395416 .text {\n  background-color: rgb(45, 140, 204);\n  font-size: 100%;\n}\n#text-box-1544395416 {\n  width: 100%;\n}\n<\/style>\n    <\/div>\n \r\n\r\n        <\/div>\n      <\/div>\n\n            \n<style>\n#banner-729512849 {\n  padding-top: 500px;\n}\n#banner-729512849 .bg.bg-loaded {\n  background-image: url(https:\/\/proteklabofrance.com\/devis\/wp-content\/uploads\/2020\/10\/prestataire-traitement-de-l-air-installation-laboratoire-sorbonnes-industrie-pharmaceutique.jpg);\n}\n<\/style>\n  <\/div>\n\n\r\n\r\n<\/div><\/div>\r\n<div class=\"col grid-col large-4 grid-col-1-2\" ><div class=\"col-inner box-shadow-4\">\r\n\r\n\n  <div class=\"banner has-hover bg-zoom-long\" id=\"banner-1000479555\">\n          <div class=\"banner-inner fill\">\n        <div class=\"banner-bg fill\" >\n            <div class=\"bg fill bg-fill \"><\/div>\n                                    \n                    <\/div>\n        <div class=\"banner-layers container\">\n            <div class=\"fill banner-link\"><\/div>            \r\n\r\n   <div id=\"text-box-382929274\" class=\"text-box banner-layer x50 md-x50 lg-x50 y50 md-y50 lg-y50 res-text\">\n                                <div class=\"text dark\">\n              \n              <div class=\"text-inner text-center\">\n                  \r\n\r\n<h3 class=\"uppercase\" style=\"padding:20px;\"><strong>Laboratoires<\/strong><\/h3>\r\n\r\n              <\/div>\n           <\/div>\n                            \n<style>\n#text-box-382929274 .text {\n  background-color: rgb(45, 140, 204);\n  font-size: 100%;\n}\n#text-box-382929274 {\n  width: 100%;\n}\n<\/style>\n    <\/div>\n \r\n\r\n        <\/div>\n      <\/div>\n\n            \n<style>\n#banner-1000479555 {\n  padding-top: 500px;\n}\n#banner-1000479555 .bg.bg-loaded {\n  background-image: url(https:\/\/proteklabofrance.com\/devis\/wp-content\/uploads\/2020\/10\/laboratoire-de-recherche-hopital.jpg);\n}\n<\/style>\n  <\/div>\n\n\r\n\r\n<\/div><\/div>\r\n<div class=\"col grid-col large-4 grid-col-1-2\" ><div class=\"col-inner box-shadow-4\">\r\n\r\n\n  <div class=\"banner has-hover bg-zoom-long\" id=\"banner-1236155695\">\n          <div class=\"banner-inner fill\">\n        <div class=\"banner-bg fill\" >\n            <div class=\"bg fill bg-fill \"><\/div>\n                                    \n                    <\/div>\n        <div class=\"banner-layers container\">\n            <div class=\"fill banner-link\"><\/div>            \r\n\r\n   <div id=\"text-box-1157185761\" class=\"text-box banner-layer x50 md-x50 lg-x50 y50 md-y50 lg-y50 res-text\">\n                                <div class=\"text dark\">\n              \n              <div class=\"text-inner text-center\">\n                  \r\n\r\n<h3 class=\"uppercase\" style=\"padding:20px;\"><strong>\u00c9ducation nationale<\/strong><\/h3>\r\n\r\n              <\/div>\n           <\/div>\n                            \n<style>\n#text-box-1157185761 .text {\n  background-color: rgb(45, 140, 204);\n  font-size: 100%;\n}\n#text-box-1157185761 {\n  width: 100%;\n}\n<\/style>\n    <\/div>\n \r\n\r\n        <\/div>\n      <\/div>\n\n            \n<style>\n#banner-1236155695 {\n  padding-top: 99.99%;\n}\n#banner-1236155695 .bg.bg-loaded {\n  background-image: url(https:\/\/proteklabofrance.com\/devis\/wp-content\/uploads\/2020\/11\/maintenance-regulation-sorbonnes-laboratoire-education-nationale.jpg);\n}\n<\/style>\n  <\/div>\n\n\r\n\r\n<\/div><\/div>\r\n\r\n            <\/div>\n    <style>\n    #banner-grid-1853365859 .grid-col-1{height: 600px}\n    #banner-grid-1853365859 .grid-col-1-2{height: 300px}\n    #banner-grid-1853365859 .grid-col-1-3{height:200px}\n    #banner-grid-1853365859 .grid-col-2-3{height: 400px}\n    #banner-grid-1853365859 .grid-col-1-4{height: 150px}\n    #banner-grid-1853365859 .grid-col-3-4{height: 450px}\n\n\n    \n    \n\n  <\/style>\n    <\/div>\n  \r\n\t<div id=\"gap-36653312\" class=\"gap-element clearfix\" style=\"display:block; height:auto;\">\n\t\t\n<style>\n#gap-36653312 {\n  padding-top: 30px;\n}\n<\/style>\n\t<\/div>\n\t\r\n\r\n<div class=\"message-box relative hide-for-small dark\" style=\"padding-top:36px;padding-bottom:36px;\"><div class=\"message-box-bg-image bg-fill fill\" ><\/div><div class=\"message-box-bg-overlay bg-fill fill\" style=\"background-color:rgb(0, 0, 0);\"><\/div><div class=\"container relative\"><div class=\"inner last-reset\">\r\n\r\n<div class=\"row align-middle\"  id=\"row-687424308\">\r\n\r\n\n\t<div id=\"col-1800912604\" class=\"col medium-7 small-12 large-7\"  >\n\t\t<div class=\"col-inner\"  >\n\t\t\t\n\t\t\t\r\n\r\n<h2 class=\"uppercase\">Un conseiller \u00e0 votre \u00e9coute<\/h2>\r\n<p>Contactez-nous directement par t\u00e9l\u00e9phone pour obtenir des r\u00e9ponses rapides aux questions que vous vous posez.<\/p>\r\n\r\n\t\t<\/div>\n\t\t\t<\/div>\n\n\t\r\n\n\t<div id=\"col-1957383367\" class=\"col medium-5 small-12 large-5\"  >\n\t\t<div class=\"col-inner text-right\"  >\n\t\t\t\n\t\t\t\r\n\r\n\t<div id=\"gap-1402047492\" class=\"gap-element clearfix\" style=\"display:block; height:auto;\">\n\t\t\n<style>\n#gap-1402047492 {\n  padding-top: 30px;\n}\n<\/style>\n\t<\/div>\n\t\r\n\r\n<a data-animate=\"flipInY\" class=\"button white is-outline is-larger hide-for-small\"  >\n  <i class=\"icon-phone\" ><\/i>  <span>04 57 12 05 37<\/span>\n  <\/a>\n\r\n\r\n\r\n\t\t<\/div>\n\t\t\t<\/div>\n\n\t\r\n\r\n<\/div>\r\n\r\n<\/div><\/div><\/div>\r\n\t<div id=\"gap-1008306861\" class=\"gap-element clearfix\" style=\"display:block; height:auto;\">\n\t\t\n<style>\n#gap-1008306861 {\n  padding-top: 30px;\n}\n<\/style>\n\t<\/div>\n\t\r\n","protected":false},"excerpt":{"rendered":"<p>Inspection par video camera Devis Nettoyage de Conduits Votre entreprise de Inspection par video camera sur Devis Cameras d&rsquo;Inspection &#038; Nettoyage de Conduits sur Protek labo france.<\/p>\n","protected":false},"featured_media":2386,"comment_status":"closed","ping_status":"closed","template":"","meta":[],"_links":{"self":[{"href":"https:\/\/proteklabofrance.com\/devis\/wp-json\/wp\/v2\/product\/2389"}],"collection":[{"href":"https:\/\/proteklabofrance.com\/devis\/wp-json\/wp\/v2\/product"}],"about":[{"href":"https:\/\/proteklabofrance.com\/devis\/wp-json\/wp\/v2\/types\/product"}],"replies":[{"embeddable":true,"href":"https:\/\/proteklabofrance.com\/devis\/wp-json\/wp\/v2\/comments?post=2389"}],"wp:featuredmedia":[{"embeddable":true,"href":"https:\/\/proteklabofrance.com\/devis\/wp-json\/wp\/v2\/media\/2386"}],"wp:attachment":[{"href":"https:\/\/proteklabofrance.com\/devis\/wp-json\/wp\/v2\/media?parent=2389"}],"curies":[{"name":"wp","href":"https:\/\/api.w.org\/{rel}","templated":true}]}}