{"id":2388,"date":"2021-02-08T03:14:24","date_gmt":"2021-02-08T03:14:24","guid":{"rendered":"https:\/\/proteklabofrance.com\/devis\/travaux\/inspection-par-video-camera-algerie\/"},"modified":"2021-02-08T03:20:21","modified_gmt":"2021-02-08T03:20:21","slug":"inspection-par-video-camera-algerie","status":"publish","type":"product","link":"https:\/\/proteklabofrance.com\/devis\/travaux\/inspection-par-video-camera-algerie\/","title":{"rendered":"Inspection par video camera Algerie"},"content":{"rendered":"<h2>Inspection par video camera  Devis Nettoyage de Conduits<\/h2><p>Votre entreprise de Inspection par video camera  sur Devis Cameras d&rsquo;Inspection &#038; Nettoyage de Conduits sur Protek labo france.<\/p><a href=\"https:\/\/proteklabofrance.com\/devis-pro\/\"><img loading=\"lazy\" src=\"https:\/\/proteklabofrance.com\/devis\/wp-content\/uploads\/images\/devis-inspection-video-camera-nettoyage-conduits-reseaux-algerie.jpg\" alt=\"Inspection par video camera Algerie\" width=\"700\" height=\"462\"><\/a><div class=\"container section-title-container\" ><h1 class=\"section-title section-title-bold-center\"><b><\/b><span class=\"section-title-main\" >Nos clients<\/span><b><\/b><\/h1><\/div>\r\n\r\n  <div class=\"banner-grid-wrapper\">\n  <div id=\"banner-grid-1883875990\" class=\"banner-grid row row-grid row-small\" data-packery-options=\"\">\n                      \r\n\r\n<div class=\"col grid-col large-4 grid-col-1-2\" ><div class=\"col-inner box-shadow-4\">\r\n\r\n\n  <div class=\"banner has-hover bg-zoom-long\" id=\"banner-889740389\">\n          <div class=\"banner-inner fill\">\n        <div class=\"banner-bg fill\" >\n            <div class=\"bg fill bg-fill \"><\/div>\n                                    \n                    <\/div>\n        <div class=\"banner-layers container\">\n            <div class=\"fill banner-link\"><\/div>            \r\n\r\n   <div id=\"text-box-1284190724\" class=\"text-box banner-layer x50 md-x50 lg-x50 y50 md-y50 lg-y50 res-text\">\n                                <div class=\"text dark\">\n              \n              <div class=\"text-inner text-center\">\n                  \r\n\r\n<h3 class=\"uppercase\" style=\"padding:20px;\"><strong>OILS &amp; GAS Industrie<\/strong><\/h3>\r\n\r\n              <\/div>\n           <\/div>\n                            \n<style>\n#text-box-1284190724 .text {\n  background-color: rgb(45, 140, 204);\n  font-size: 100%;\n}\n#text-box-1284190724 {\n  width: 100%;\n}\n<\/style>\n    <\/div>\n \r\n\r\n        <\/div>\n      <\/div>\n\n            \n<style>\n#banner-889740389 {\n  padding-top: 500px;\n}\n#banner-889740389 .bg.bg-loaded {\n  background-image: url(https:\/\/proteklabofrance.com\/devis\/wp-content\/uploads\/2020\/10\/prestataire-traitement-de-l-air-installation-laboratoire-sorbonnes-oil-gas-industrie.jpg);\n}\n<\/style>\n  <\/div>\n\n\r\n\r\n<\/div><\/div>\r\n<div class=\"col grid-col large-4 grid-col-1-2\" ><div class=\"col-inner box-shadow-4\">\r\n\r\n\n  <div class=\"banner has-hover bg-zoom-long\" id=\"banner-948083526\">\n          <div class=\"banner-inner fill\">\n        <div class=\"banner-bg fill\" >\n            <div class=\"bg fill bg-fill \"><\/div>\n                                    \n                    <\/div>\n        <div class=\"banner-layers container\">\n            <div class=\"fill banner-link\"><\/div>            \r\n\r\n   <div id=\"text-box-1481179413\" class=\"text-box banner-layer x50 md-x50 lg-x50 y50 md-y50 lg-y50 res-text\">\n                                <div class=\"text dark\">\n              \n              <div class=\"text-inner text-center\">\n                  \r\n\r\n<h3 class=\"uppercase\" style=\"padding:20px;\"><strong>Raffinerie<\/strong><\/h3>\r\n\r\n              <\/div>\n           <\/div>\n                            \n<style>\n#text-box-1481179413 .text {\n  background-color: rgb(45, 140, 204);\n  font-size: 100%;\n}\n#text-box-1481179413 {\n  width: 100%;\n}\n<\/style>\n    <\/div>\n \r\n\r\n        <\/div>\n      <\/div>\n\n            \n<style>\n#banner-948083526 {\n  padding-top: 500px;\n}\n#banner-948083526 .bg.bg-loaded {\n  background-image: url(https:\/\/proteklabofrance.com\/devis\/wp-content\/uploads\/2020\/10\/prestataire-traitement-de-l-air-installation-laboratoire-sorbonnes-raffinerie-petrochimie-industrie.jpg);\n}\n<\/style>\n  <\/div>\n\n\r\n\r\n<\/div><\/div>\r\n<div class=\"col grid-col large-4 grid-col-1-2\" ><div class=\"col-inner box-shadow-4\">\r\n\r\n\n  <div class=\"banner has-hover bg-zoom-long\" id=\"banner-1656879602\">\n          <div class=\"banner-inner fill\">\n        <div class=\"banner-bg fill\" >\n            <div class=\"bg fill bg-fill \"><\/div>\n                                    \n                    <\/div>\n        <div class=\"banner-layers container\">\n            <div class=\"fill banner-link\"><\/div>            \r\n\r\n   <div id=\"text-box-1405490204\" class=\"text-box banner-layer x50 md-x50 lg-x50 y50 md-y50 lg-y50 res-text\">\n                                <div class=\"text dark\">\n              \n              <div class=\"text-inner text-center\">\n                  \r\n\r\n<h3 class=\"uppercase\" style=\"padding:20px;\"><strong>Energie<\/strong><\/h3>\r\n\r\n              <\/div>\n           <\/div>\n                            \n<style>\n#text-box-1405490204 .text {\n  background-color: rgb(45, 140, 204);\n  font-size: 100%;\n}\n#text-box-1405490204 {\n  width: 100%;\n}\n<\/style>\n    <\/div>\n \r\n\r\n        <\/div>\n      <\/div>\n\n            \n<style>\n#banner-1656879602 {\n  padding-top: 500px;\n}\n#banner-1656879602 .bg.bg-loaded {\n  background-image: url(https:\/\/proteklabofrance.com\/devis\/wp-content\/uploads\/2020\/10\/prestataire-traitement-de-l-air-installation-laboratoire-sorbonnes-Energie-Environnement-industrie.jpg);\n}\n<\/style>\n  <\/div>\n\n\r\n\r\n<\/div><\/div>\r\n<div class=\"col grid-col large-4 grid-col-1-2\" ><div class=\"col-inner box-shadow-4\">\r\n\r\n\n  <div class=\"banner has-hover bg-zoom-long\" id=\"banner-402691194\">\n          <div class=\"banner-inner fill\">\n        <div class=\"banner-bg fill\" >\n            <div class=\"bg fill bg-fill \"><\/div>\n                                    \n                    <\/div>\n        <div class=\"banner-layers container\">\n            <div class=\"fill banner-link\"><\/div>            \r\n\r\n   <div id=\"text-box-1331321769\" class=\"text-box banner-layer x50 md-x50 lg-x50 y50 md-y50 lg-y50 res-text\">\n                                <div class=\"text dark\">\n              \n              <div class=\"text-inner text-center\">\n                  \r\n\r\n<h3 class=\"uppercase\" style=\"padding:20px;\"><strong>Pharma<\/strong><\/h3>\r\n\r\n              <\/div>\n           <\/div>\n                            \n<style>\n#text-box-1331321769 .text {\n  background-color: rgb(45, 140, 204);\n  font-size: 100%;\n}\n#text-box-1331321769 {\n  width: 100%;\n}\n<\/style>\n    <\/div>\n \r\n\r\n        <\/div>\n      <\/div>\n\n            \n<style>\n#banner-402691194 {\n  padding-top: 500px;\n}\n#banner-402691194 .bg.bg-loaded {\n  background-image: url(https:\/\/proteklabofrance.com\/devis\/wp-content\/uploads\/2020\/10\/prestataire-traitement-de-l-air-installation-laboratoire-sorbonnes-industrie-pharmaceutique.jpg);\n}\n<\/style>\n  <\/div>\n\n\r\n\r\n<\/div><\/div>\r\n<div class=\"col grid-col large-4 grid-col-1-2\" ><div class=\"col-inner box-shadow-4\">\r\n\r\n\n  <div class=\"banner has-hover bg-zoom-long\" id=\"banner-1582435942\">\n          <div class=\"banner-inner fill\">\n        <div class=\"banner-bg fill\" >\n            <div class=\"bg fill bg-fill \"><\/div>\n                                    \n                    <\/div>\n        <div class=\"banner-layers container\">\n            <div class=\"fill banner-link\"><\/div>            \r\n\r\n   <div id=\"text-box-1358487595\" class=\"text-box banner-layer x50 md-x50 lg-x50 y50 md-y50 lg-y50 res-text\">\n                                <div class=\"text dark\">\n              \n              <div class=\"text-inner text-center\">\n                  \r\n\r\n<h3 class=\"uppercase\" style=\"padding:20px;\"><strong>Laboratoires<\/strong><\/h3>\r\n\r\n              <\/div>\n           <\/div>\n                            \n<style>\n#text-box-1358487595 .text {\n  background-color: rgb(45, 140, 204);\n  font-size: 100%;\n}\n#text-box-1358487595 {\n  width: 100%;\n}\n<\/style>\n    <\/div>\n \r\n\r\n        <\/div>\n      <\/div>\n\n            \n<style>\n#banner-1582435942 {\n  padding-top: 500px;\n}\n#banner-1582435942 .bg.bg-loaded {\n  background-image: url(https:\/\/proteklabofrance.com\/devis\/wp-content\/uploads\/2020\/10\/laboratoire-de-recherche-hopital.jpg);\n}\n<\/style>\n  <\/div>\n\n\r\n\r\n<\/div><\/div>\r\n<div class=\"col grid-col large-4 grid-col-1-2\" ><div class=\"col-inner box-shadow-4\">\r\n\r\n\n  <div class=\"banner has-hover bg-zoom-long\" id=\"banner-1824477771\">\n          <div class=\"banner-inner fill\">\n        <div class=\"banner-bg fill\" >\n            <div class=\"bg fill bg-fill \"><\/div>\n                                    \n                    <\/div>\n        <div class=\"banner-layers container\">\n            <div class=\"fill banner-link\"><\/div>            \r\n\r\n   <div id=\"text-box-650543217\" class=\"text-box banner-layer x50 md-x50 lg-x50 y50 md-y50 lg-y50 res-text\">\n                                <div class=\"text dark\">\n              \n              <div class=\"text-inner text-center\">\n                  \r\n\r\n<h3 class=\"uppercase\" style=\"padding:20px;\"><strong>\u00c9ducation nationale<\/strong><\/h3>\r\n\r\n              <\/div>\n           <\/div>\n                            \n<style>\n#text-box-650543217 .text {\n  background-color: rgb(45, 140, 204);\n  font-size: 100%;\n}\n#text-box-650543217 {\n  width: 100%;\n}\n<\/style>\n    <\/div>\n \r\n\r\n        <\/div>\n      <\/div>\n\n            \n<style>\n#banner-1824477771 {\n  padding-top: 99.99%;\n}\n#banner-1824477771 .bg.bg-loaded {\n  background-image: url(https:\/\/proteklabofrance.com\/devis\/wp-content\/uploads\/2020\/11\/maintenance-regulation-sorbonnes-laboratoire-education-nationale.jpg);\n}\n<\/style>\n  <\/div>\n\n\r\n\r\n<\/div><\/div>\r\n\r\n            <\/div>\n    <style>\n    #banner-grid-1883875990 .grid-col-1{height: 600px}\n    #banner-grid-1883875990 .grid-col-1-2{height: 300px}\n    #banner-grid-1883875990 .grid-col-1-3{height:200px}\n    #banner-grid-1883875990 .grid-col-2-3{height: 400px}\n    #banner-grid-1883875990 .grid-col-1-4{height: 150px}\n    #banner-grid-1883875990 .grid-col-3-4{height: 450px}\n\n\n    \n    \n\n  <\/style>\n    <\/div>\n  \r\n\t<div id=\"gap-92061399\" class=\"gap-element clearfix\" style=\"display:block; height:auto;\">\n\t\t\n<style>\n#gap-92061399 {\n  padding-top: 30px;\n}\n<\/style>\n\t<\/div>\n\t\r\n\r\n<div class=\"message-box relative hide-for-small dark\" style=\"padding-top:36px;padding-bottom:36px;\"><div class=\"message-box-bg-image bg-fill fill\" ><\/div><div class=\"message-box-bg-overlay bg-fill fill\" style=\"background-color:rgb(0, 0, 0);\"><\/div><div class=\"container relative\"><div class=\"inner last-reset\">\r\n\r\n<div class=\"row align-middle\"  id=\"row-623233578\">\r\n\r\n\n\t<div id=\"col-262118424\" class=\"col medium-7 small-12 large-7\"  >\n\t\t<div class=\"col-inner\"  >\n\t\t\t\n\t\t\t\r\n\r\n<h2 class=\"uppercase\">Un conseiller \u00e0 votre \u00e9coute<\/h2>\r\n<p>Contactez-nous directement par t\u00e9l\u00e9phone pour obtenir des r\u00e9ponses rapides aux questions que vous vous posez.<\/p>\r\n\r\n\t\t<\/div>\n\t\t\t<\/div>\n\n\t\r\n\n\t<div id=\"col-434238301\" class=\"col medium-5 small-12 large-5\"  >\n\t\t<div class=\"col-inner text-right\"  >\n\t\t\t\n\t\t\t\r\n\r\n\t<div id=\"gap-1772487694\" class=\"gap-element clearfix\" style=\"display:block; height:auto;\">\n\t\t\n<style>\n#gap-1772487694 {\n  padding-top: 30px;\n}\n<\/style>\n\t<\/div>\n\t\r\n\r\n<a data-animate=\"flipInY\" class=\"button white is-outline is-larger hide-for-small\"  >\n  <i class=\"icon-phone\" ><\/i>  <span>04 57 12 05 37<\/span>\n  <\/a>\n\r\n\r\n\r\n\t\t<\/div>\n\t\t\t<\/div>\n\n\t\r\n\r\n<\/div>\r\n\r\n<\/div><\/div><\/div>\r\n\t<div id=\"gap-464340213\" class=\"gap-element clearfix\" style=\"display:block; height:auto;\">\n\t\t\n<style>\n#gap-464340213 {\n  padding-top: 30px;\n}\n<\/style>\n\t<\/div>\n\t\r\n","protected":false},"excerpt":{"rendered":"<p>Inspection par video camera Devis Nettoyage de Conduits Votre entreprise de Inspection par video camera sur Devis Cameras d&rsquo;Inspection &#038; Nettoyage de Conduits sur Protek labo france.<\/p>\n","protected":false},"featured_media":2384,"comment_status":"closed","ping_status":"closed","template":"","meta":[],"_links":{"self":[{"href":"https:\/\/proteklabofrance.com\/devis\/wp-json\/wp\/v2\/product\/2388"}],"collection":[{"href":"https:\/\/proteklabofrance.com\/devis\/wp-json\/wp\/v2\/product"}],"about":[{"href":"https:\/\/proteklabofrance.com\/devis\/wp-json\/wp\/v2\/types\/product"}],"replies":[{"embeddable":true,"href":"https:\/\/proteklabofrance.com\/devis\/wp-json\/wp\/v2\/comments?post=2388"}],"wp:featuredmedia":[{"embeddable":true,"href":"https:\/\/proteklabofrance.com\/devis\/wp-json\/wp\/v2\/media\/2384"}],"wp:attachment":[{"href":"https:\/\/proteklabofrance.com\/devis\/wp-json\/wp\/v2\/media?parent=2388"}],"curies":[{"name":"wp","href":"https:\/\/api.w.org\/{rel}","templated":true}]}}