{"id":1573,"date":"2021-01-29T15:29:38","date_gmt":"2021-01-29T15:29:38","guid":{"rendered":"https:\/\/proteklabofrance.com\/devis\/travaux\/devis-installation-maintenance-et-regulation-de-sorbonnes-de-laboratoires-bois-colombes\/"},"modified":"2021-01-29T15:29:44","modified_gmt":"2021-01-29T15:29:44","slug":"devis-installation-maintenance-et-regulation-de-sorbonnes-de-laboratoires-bois-colombes","status":"publish","type":"product","link":"https:\/\/proteklabofrance.com\/devis\/travaux\/devis-installation-maintenance-et-regulation-de-sorbonnes-de-laboratoires-bois-colombes\/","title":{"rendered":"Devis Installation, Maintenance et Regulation de Sorbonnes de Laboratoires Bois-Colombes"},"content":{"rendered":"<h2>Maintenance et Regulation de Sorbonnes de Laboratoires Bois-Colombes Devis Installation Hottes de laboratoire et paillasses<\/h2><p>Decouvrir une entreprise de Maintenance et Regulation de Sorbonnes de Laboratoires Bois-Colombes sur Devis Installation Hottes de laboratoire et paillasses sur Protek labo france.<\/p><a href=\"https:\/\/proteklabofrance.com\/devis-pro\/\"><img loading=\"lazy\" src=\"https:\/\/proteklabofrance.com\/devis\/wp-content\/uploads\/images\/devis-regulation-installation-maintenance-sorbonnes-de-laboratoire-bois-colombes-92-France.jpg\" alt=\"Devis Installation, Maintenance et Regulation de Sorbonnes de Laboratoires Bois-Colombes\" width=\"700\" height=\"462\"><\/a>\t<div id=\"gap-1915311561\" class=\"gap-element clearfix\" style=\"display:block; height:auto;\">\n\t\t\n<style>\n#gap-1915311561 {\n  padding-top: 30px;\n}\n<\/style>\n\t<\/div>\n\t<div class=\"container section-title-container\" ><h1 class=\"section-title section-title-bold-center\"><b><\/b><span class=\"section-title-main\" >Nos clients<\/span><b><\/b><\/h1><\/div>\n\n  <div class=\"banner-grid-wrapper\">\n  <div id=\"banner-grid-1307788997\" class=\"banner-grid row row-grid row-small\" data-packery-options=\"\">\n                      \n\n<div class=\"col grid-col large-4 grid-col-1-2\" ><div class=\"col-inner box-shadow-4\">\n\n\n  <div class=\"banner has-hover bg-zoom-long\" id=\"banner-1632964448\">\n          <div class=\"banner-inner fill\">\n        <div class=\"banner-bg fill\" >\n            <div class=\"bg fill bg-fill \"><\/div>\n                                    \n                    <\/div>\n        <div class=\"banner-layers container\">\n            <div class=\"fill banner-link\"><\/div>            \n\n   <div id=\"text-box-1422947706\" class=\"text-box banner-layer x50 md-x50 lg-x50 y50 md-y50 lg-y50 res-text\">\n                                <div class=\"text dark\">\n              \n              <div class=\"text-inner text-center\">\n                  \n\n<h3 class=\"uppercase\" style=\"padding:20px;\"><strong>OILS &amp; GAS Industrie<\/strong><\/h3>\n\n              <\/div>\n           <\/div>\n                            \n<style>\n#text-box-1422947706 .text {\n  background-color: rgb(45, 140, 204);\n  font-size: 100%;\n}\n#text-box-1422947706 {\n  width: 100%;\n}\n<\/style>\n    <\/div>\n \n\n        <\/div>\n      <\/div>\n\n            \n<style>\n#banner-1632964448 {\n  padding-top: 500px;\n}\n#banner-1632964448 .bg.bg-loaded {\n  background-image: url(https:\/\/proteklabofrance.com\/devis\/wp-content\/uploads\/2020\/10\/prestataire-traitement-de-l-air-installation-laboratoire-sorbonnes-oil-gas-industrie.jpg);\n}\n<\/style>\n  <\/div>\n\n\n\n<\/div><\/div>\n<div class=\"col grid-col large-4 grid-col-1-2\" ><div class=\"col-inner box-shadow-4\">\n\n\n  <div class=\"banner has-hover bg-zoom-long\" id=\"banner-510758908\">\n          <div class=\"banner-inner fill\">\n        <div class=\"banner-bg fill\" >\n            <div class=\"bg fill bg-fill \"><\/div>\n                                    \n                    <\/div>\n        <div class=\"banner-layers container\">\n            <div class=\"fill banner-link\"><\/div>            \n\n   <div id=\"text-box-551006714\" class=\"text-box banner-layer x50 md-x50 lg-x50 y50 md-y50 lg-y50 res-text\">\n                                <div class=\"text dark\">\n              \n              <div class=\"text-inner text-center\">\n                  \n\n<h3 class=\"uppercase\" style=\"padding:20px;\"><strong>Raffinerie<\/strong><\/h3>\n\n              <\/div>\n           <\/div>\n                            \n<style>\n#text-box-551006714 .text {\n  background-color: rgb(45, 140, 204);\n  font-size: 100%;\n}\n#text-box-551006714 {\n  width: 100%;\n}\n<\/style>\n    <\/div>\n \n\n        <\/div>\n      <\/div>\n\n            \n<style>\n#banner-510758908 {\n  padding-top: 500px;\n}\n#banner-510758908 .bg.bg-loaded {\n  background-image: url(https:\/\/proteklabofrance.com\/devis\/wp-content\/uploads\/2020\/10\/prestataire-traitement-de-l-air-installation-laboratoire-sorbonnes-raffinerie-petrochimie-industrie.jpg);\n}\n<\/style>\n  <\/div>\n\n\n\n<\/div><\/div>\n<div class=\"col grid-col large-4 grid-col-1-2\" ><div class=\"col-inner box-shadow-4\">\n\n\n  <div class=\"banner has-hover bg-zoom-long\" id=\"banner-1774157764\">\n          <div class=\"banner-inner fill\">\n        <div class=\"banner-bg fill\" >\n            <div class=\"bg fill bg-fill \"><\/div>\n                                    \n                    <\/div>\n        <div class=\"banner-layers container\">\n            <div class=\"fill banner-link\"><\/div>            \n\n   <div id=\"text-box-1863279120\" class=\"text-box banner-layer x50 md-x50 lg-x50 y50 md-y50 lg-y50 res-text\">\n                                <div class=\"text dark\">\n              \n              <div class=\"text-inner text-center\">\n                  \n\n<h3 class=\"uppercase\" style=\"padding:20px;\"><strong>Energie<\/strong><\/h3>\n\n              <\/div>\n           <\/div>\n                            \n<style>\n#text-box-1863279120 .text {\n  background-color: rgb(45, 140, 204);\n  font-size: 100%;\n}\n#text-box-1863279120 {\n  width: 100%;\n}\n<\/style>\n    <\/div>\n \n\n        <\/div>\n      <\/div>\n\n            \n<style>\n#banner-1774157764 {\n  padding-top: 500px;\n}\n#banner-1774157764 .bg.bg-loaded {\n  background-image: url(https:\/\/proteklabofrance.com\/devis\/wp-content\/uploads\/2020\/10\/prestataire-traitement-de-l-air-installation-laboratoire-sorbonnes-Energie-Environnement-industrie.jpg);\n}\n<\/style>\n  <\/div>\n\n\n\n<\/div><\/div>\n<div class=\"col grid-col large-4 grid-col-1-2\" ><div class=\"col-inner box-shadow-4\">\n\n\n  <div class=\"banner has-hover bg-zoom-long\" id=\"banner-1299706806\">\n          <div class=\"banner-inner fill\">\n        <div class=\"banner-bg fill\" >\n            <div class=\"bg fill bg-fill \"><\/div>\n                                    \n                    <\/div>\n        <div class=\"banner-layers container\">\n            <div class=\"fill banner-link\"><\/div>            \n\n   <div id=\"text-box-1723663185\" class=\"text-box banner-layer x50 md-x50 lg-x50 y50 md-y50 lg-y50 res-text\">\n                                <div class=\"text dark\">\n              \n              <div class=\"text-inner text-center\">\n                  \n\n<h3 class=\"uppercase\" style=\"padding:20px;\"><strong>Pharma<\/strong><\/h3>\n\n              <\/div>\n           <\/div>\n                            \n<style>\n#text-box-1723663185 .text {\n  background-color: rgb(45, 140, 204);\n  font-size: 100%;\n}\n#text-box-1723663185 {\n  width: 100%;\n}\n<\/style>\n    <\/div>\n \n\n        <\/div>\n      <\/div>\n\n            \n<style>\n#banner-1299706806 {\n  padding-top: 500px;\n}\n#banner-1299706806 .bg.bg-loaded {\n  background-image: url(https:\/\/proteklabofrance.com\/devis\/wp-content\/uploads\/2020\/10\/prestataire-traitement-de-l-air-installation-laboratoire-sorbonnes-industrie-pharmaceutique.jpg);\n}\n<\/style>\n  <\/div>\n\n\n\n<\/div><\/div>\n<div class=\"col grid-col large-4 grid-col-1-2\" ><div class=\"col-inner box-shadow-4\">\n\n\n  <div class=\"banner has-hover bg-zoom-long\" id=\"banner-691426776\">\n          <div class=\"banner-inner fill\">\n        <div class=\"banner-bg fill\" >\n            <div class=\"bg fill bg-fill \"><\/div>\n                                    \n                    <\/div>\n        <div class=\"banner-layers container\">\n            <div class=\"fill banner-link\"><\/div>            \n\n   <div id=\"text-box-1084873122\" class=\"text-box banner-layer x50 md-x50 lg-x50 y50 md-y50 lg-y50 res-text\">\n                                <div class=\"text dark\">\n              \n              <div class=\"text-inner text-center\">\n                  \n\n<h3 class=\"uppercase\" style=\"padding:20px;\"><strong>Laboratoires<\/strong><\/h3>\n\n              <\/div>\n           <\/div>\n                            \n<style>\n#text-box-1084873122 .text {\n  background-color: rgb(45, 140, 204);\n  font-size: 100%;\n}\n#text-box-1084873122 {\n  width: 100%;\n}\n<\/style>\n    <\/div>\n \n\n        <\/div>\n      <\/div>\n\n            \n<style>\n#banner-691426776 {\n  padding-top: 500px;\n}\n#banner-691426776 .bg.bg-loaded {\n  background-image: url(https:\/\/proteklabofrance.com\/devis\/wp-content\/uploads\/2020\/10\/laboratoire-de-recherche-hopital.jpg);\n}\n<\/style>\n  <\/div>\n\n\n\n<\/div><\/div>\n<div class=\"col grid-col large-4 grid-col-1-2\" ><div class=\"col-inner box-shadow-4\">\n\n\n  <div class=\"banner has-hover bg-zoom-long\" id=\"banner-1029828150\">\n          <div class=\"banner-inner fill\">\n        <div class=\"banner-bg fill\" >\n            <div class=\"bg fill bg-fill \"><\/div>\n                                    \n                    <\/div>\n        <div class=\"banner-layers container\">\n            <div class=\"fill banner-link\"><\/div>            \n\n   <div id=\"text-box-1183139890\" class=\"text-box banner-layer x50 md-x50 lg-x50 y50 md-y50 lg-y50 res-text\">\n                                <div class=\"text dark\">\n              \n              <div class=\"text-inner text-center\">\n                  \n\n<h3 class=\"uppercase\" style=\"padding:20px;\"><strong>\u00c9ducation nationale<\/strong><\/h3>\n\n              <\/div>\n           <\/div>\n                            \n<style>\n#text-box-1183139890 .text {\n  background-color: rgb(45, 140, 204);\n  font-size: 100%;\n}\n#text-box-1183139890 {\n  width: 100%;\n}\n<\/style>\n    <\/div>\n \n\n        <\/div>\n      <\/div>\n\n            \n<style>\n#banner-1029828150 {\n  padding-top: 99.99%;\n}\n#banner-1029828150 .bg.bg-loaded {\n  background-image: url(https:\/\/proteklabofrance.com\/devis\/wp-content\/uploads\/2020\/11\/maintenance-regulation-sorbonnes-laboratoire-education-nationale.jpg);\n}\n<\/style>\n  <\/div>\n\n\n\n<\/div><\/div>\n\n            <\/div>\n    <style>\n    #banner-grid-1307788997 .grid-col-1{height: 600px}\n    #banner-grid-1307788997 .grid-col-1-2{height: 300px}\n    #banner-grid-1307788997 .grid-col-1-3{height:200px}\n    #banner-grid-1307788997 .grid-col-2-3{height: 400px}\n    #banner-grid-1307788997 .grid-col-1-4{height: 150px}\n    #banner-grid-1307788997 .grid-col-3-4{height: 450px}\n\n\n    \n    \n\n  <\/style>\n    <\/div>\n  \n\t<div id=\"gap-1508268366\" class=\"gap-element clearfix\" style=\"display:block; height:auto;\">\n\t\t\n<style>\n#gap-1508268366 {\n  padding-top: 30px;\n}\n<\/style>\n\t<\/div>\n\t\n\n<div class=\"message-box relative hide-for-small dark\" style=\"padding-top:36px;padding-bottom:36px;\"><div class=\"message-box-bg-image bg-fill fill\" ><\/div><div class=\"message-box-bg-overlay bg-fill fill\" style=\"background-color:rgb(0, 0, 0);\"><\/div><div class=\"container relative\"><div class=\"inner last-reset\">\n\n<div class=\"row align-middle\"  id=\"row-2112913833\">\n\n\n\t<div id=\"col-1721500514\" class=\"col medium-7 small-12 large-7\"  >\n\t\t<div class=\"col-inner\"  >\n\t\t\t\n\t\t\t\n\n<h2 class=\"uppercase\">Un conseiller \u00e0 votre \u00e9coute<\/h2>\n<p>Contactez-nous directement par t\u00e9l\u00e9phone pour obtenir des r\u00e9ponses rapides aux questions que vous vous posez.<\/p>\n\n\t\t<\/div>\n\t\t\t<\/div>\n\n\t\n\n\t<div id=\"col-866309364\" class=\"col medium-5 small-12 large-5\"  >\n\t\t<div class=\"col-inner text-right\"  >\n\t\t\t\n\t\t\t\n\n\t<div id=\"gap-581552594\" class=\"gap-element clearfix\" style=\"display:block; height:auto;\">\n\t\t\n<style>\n#gap-581552594 {\n  padding-top: 30px;\n}\n<\/style>\n\t<\/div>\n\t\n\n<a data-animate=\"flipInY\" class=\"button white is-outline is-larger hide-for-small\"  >\n  <i class=\"icon-phone\" ><\/i>  <span>04 57 12 05 37<\/span>\n  <\/a>\n\n\n\n\t\t<\/div>\n\t\t\t<\/div>\n\n\t\n\n<\/div>\n\n<\/div><\/div><\/div>\n\t<div id=\"gap-975096534\" class=\"gap-element clearfix\" style=\"display:block; height:auto;\">\n\t\t\n<style>\n#gap-975096534 {\n  padding-top: 30px;\n}\n<\/style>\n\t<\/div>\n\t\n","protected":false},"excerpt":{"rendered":"<p>Maintenance et Regulation de Sorbonnes de Laboratoires Bois-Colombes Devis Installation Hottes de laboratoire et paillasses Decouvrir une entreprise de Maintenance et Regulation de Sorbonnes de Laboratoires Bois-Colombes sur Devis Installation Hottes de laboratoire et paillasses sur Protek labo france.<\/p>\n","protected":false},"featured_media":1574,"comment_status":"closed","ping_status":"open","template":"","meta":[],"_links":{"self":[{"href":"https:\/\/proteklabofrance.com\/devis\/wp-json\/wp\/v2\/product\/1573"}],"collection":[{"href":"https:\/\/proteklabofrance.com\/devis\/wp-json\/wp\/v2\/product"}],"about":[{"href":"https:\/\/proteklabofrance.com\/devis\/wp-json\/wp\/v2\/types\/product"}],"replies":[{"embeddable":true,"href":"https:\/\/proteklabofrance.com\/devis\/wp-json\/wp\/v2\/comments?post=1573"}],"wp:featuredmedia":[{"embeddable":true,"href":"https:\/\/proteklabofrance.com\/devis\/wp-json\/wp\/v2\/media\/1574"}],"wp:attachment":[{"href":"https:\/\/proteklabofrance.com\/devis\/wp-json\/wp\/v2\/media?parent=1573"}],"curies":[{"name":"wp","href":"https:\/\/api.w.org\/{rel}","templated":true}]}}