{"id":1326,"date":"2021-01-29T15:35:50","date_gmt":"2021-01-29T15:35:50","guid":{"rendered":"https:\/\/proteklabofrance.com\/devis\/product\/devis-installation-maintenance-et-regulation-de-sorbonnes-de-laboratoires-var\/"},"modified":"2021-01-29T15:35:51","modified_gmt":"2021-01-29T15:35:51","slug":"devis-installation-maintenance-et-regulation-de-sorbonnes-de-laboratoires-var","status":"publish","type":"product","link":"https:\/\/proteklabofrance.com\/devis\/travaux\/devis-installation-maintenance-et-regulation-de-sorbonnes-de-laboratoires-var\/","title":{"rendered":"Devis Installation, Maintenance et Regulation de Sorbonnes de Laboratoires Var"},"content":{"rendered":"<h2>Maintenance et Regulation de Sorbonnes de Laboratoires Var Devis Installation Hottes de laboratoire et paillasses<\/h2><p>Trouvez votre service regulation de sorbonnes de Laboratoires Var et Devis Installation Hottes de laboratoire et paillasses chez Protek Labo France.<\/p><a href=\"https:\/\/proteklabofrance.com\/devis-pro\/\"><img loading=\"lazy\" src=\"https:\/\/proteklabofrance.com\/devis\/wp-content\/uploads\/images\/devis-regulation-installation-maintenance-sorbonnes-de-laboratoire-var-France.jpg\" alt=\"Devis Installation, Maintenance et Regulation de Sorbonnes de Laboratoires Var\" width=\"700\" height=\"462\"><\/a>\t<div id=\"gap-1484695959\" class=\"gap-element clearfix\" style=\"display:block; height:auto;\">\n\t\t\n<style>\n#gap-1484695959 {\n  padding-top: 30px;\n}\n<\/style>\n\t<\/div>\n\t<div class=\"container section-title-container\" ><h1 class=\"section-title section-title-bold-center\"><b><\/b><span class=\"section-title-main\" >Nos clients<\/span><b><\/b><\/h1><\/div>\n\n  <div class=\"banner-grid-wrapper\">\n  <div id=\"banner-grid-1286377530\" class=\"banner-grid row row-grid row-small\" data-packery-options=\"\">\n                      \n\n<div class=\"col grid-col large-4 grid-col-1-2\" ><div class=\"col-inner box-shadow-4\">\n\n\n  <div class=\"banner has-hover bg-zoom-long\" id=\"banner-1359202846\">\n          <div class=\"banner-inner fill\">\n        <div class=\"banner-bg fill\" >\n            <div class=\"bg fill bg-fill \"><\/div>\n                                    \n                    <\/div>\n        <div class=\"banner-layers container\">\n            <div class=\"fill banner-link\"><\/div>            \n\n   <div id=\"text-box-1988162654\" class=\"text-box banner-layer x50 md-x50 lg-x50 y50 md-y50 lg-y50 res-text\">\n                                <div class=\"text dark\">\n              \n              <div class=\"text-inner text-center\">\n                  \n\n<h3 class=\"uppercase\" style=\"padding:20px;\"><strong>OILS &amp; GAS Industrie<\/strong><\/h3>\n\n              <\/div>\n           <\/div>\n                            \n<style>\n#text-box-1988162654 .text {\n  background-color: rgb(45, 140, 204);\n  font-size: 100%;\n}\n#text-box-1988162654 {\n  width: 100%;\n}\n<\/style>\n    <\/div>\n \n\n        <\/div>\n      <\/div>\n\n            \n<style>\n#banner-1359202846 {\n  padding-top: 500px;\n}\n#banner-1359202846 .bg.bg-loaded {\n  background-image: url(https:\/\/proteklabofrance.com\/devis\/wp-content\/uploads\/2020\/10\/prestataire-traitement-de-l-air-installation-laboratoire-sorbonnes-oil-gas-industrie.jpg);\n}\n<\/style>\n  <\/div>\n\n\n\n<\/div><\/div>\n<div class=\"col grid-col large-4 grid-col-1-2\" ><div class=\"col-inner box-shadow-4\">\n\n\n  <div class=\"banner has-hover bg-zoom-long\" id=\"banner-1296134827\">\n          <div class=\"banner-inner fill\">\n        <div class=\"banner-bg fill\" >\n            <div class=\"bg fill bg-fill \"><\/div>\n                                    \n                    <\/div>\n        <div class=\"banner-layers container\">\n            <div class=\"fill banner-link\"><\/div>            \n\n   <div id=\"text-box-1759179360\" class=\"text-box banner-layer x50 md-x50 lg-x50 y50 md-y50 lg-y50 res-text\">\n                                <div class=\"text dark\">\n              \n              <div class=\"text-inner text-center\">\n                  \n\n<h3 class=\"uppercase\" style=\"padding:20px;\"><strong>Raffinerie<\/strong><\/h3>\n\n              <\/div>\n           <\/div>\n                            \n<style>\n#text-box-1759179360 .text {\n  background-color: rgb(45, 140, 204);\n  font-size: 100%;\n}\n#text-box-1759179360 {\n  width: 100%;\n}\n<\/style>\n    <\/div>\n \n\n        <\/div>\n      <\/div>\n\n            \n<style>\n#banner-1296134827 {\n  padding-top: 500px;\n}\n#banner-1296134827 .bg.bg-loaded {\n  background-image: url(https:\/\/proteklabofrance.com\/devis\/wp-content\/uploads\/2020\/10\/prestataire-traitement-de-l-air-installation-laboratoire-sorbonnes-raffinerie-petrochimie-industrie.jpg);\n}\n<\/style>\n  <\/div>\n\n\n\n<\/div><\/div>\n<div class=\"col grid-col large-4 grid-col-1-2\" ><div class=\"col-inner box-shadow-4\">\n\n\n  <div class=\"banner has-hover bg-zoom-long\" id=\"banner-1529333576\">\n          <div class=\"banner-inner fill\">\n        <div class=\"banner-bg fill\" >\n            <div class=\"bg fill bg-fill \"><\/div>\n                                    \n                    <\/div>\n        <div class=\"banner-layers container\">\n            <div class=\"fill banner-link\"><\/div>            \n\n   <div id=\"text-box-740530109\" class=\"text-box banner-layer x50 md-x50 lg-x50 y50 md-y50 lg-y50 res-text\">\n                                <div class=\"text dark\">\n              \n              <div class=\"text-inner text-center\">\n                  \n\n<h3 class=\"uppercase\" style=\"padding:20px;\"><strong>Energie<\/strong><\/h3>\n\n              <\/div>\n           <\/div>\n                            \n<style>\n#text-box-740530109 .text {\n  background-color: rgb(45, 140, 204);\n  font-size: 100%;\n}\n#text-box-740530109 {\n  width: 100%;\n}\n<\/style>\n    <\/div>\n \n\n        <\/div>\n      <\/div>\n\n            \n<style>\n#banner-1529333576 {\n  padding-top: 500px;\n}\n#banner-1529333576 .bg.bg-loaded {\n  background-image: url(https:\/\/proteklabofrance.com\/devis\/wp-content\/uploads\/2020\/10\/prestataire-traitement-de-l-air-installation-laboratoire-sorbonnes-Energie-Environnement-industrie.jpg);\n}\n<\/style>\n  <\/div>\n\n\n\n<\/div><\/div>\n<div class=\"col grid-col large-4 grid-col-1-2\" ><div class=\"col-inner box-shadow-4\">\n\n\n  <div class=\"banner has-hover bg-zoom-long\" id=\"banner-1366941677\">\n          <div class=\"banner-inner fill\">\n        <div class=\"banner-bg fill\" >\n            <div class=\"bg fill bg-fill \"><\/div>\n                                    \n                    <\/div>\n        <div class=\"banner-layers container\">\n            <div class=\"fill banner-link\"><\/div>            \n\n   <div id=\"text-box-1397960387\" class=\"text-box banner-layer x50 md-x50 lg-x50 y50 md-y50 lg-y50 res-text\">\n                                <div class=\"text dark\">\n              \n              <div class=\"text-inner text-center\">\n                  \n\n<h3 class=\"uppercase\" style=\"padding:20px;\"><strong>Pharma<\/strong><\/h3>\n\n              <\/div>\n           <\/div>\n                            \n<style>\n#text-box-1397960387 .text {\n  background-color: rgb(45, 140, 204);\n  font-size: 100%;\n}\n#text-box-1397960387 {\n  width: 100%;\n}\n<\/style>\n    <\/div>\n \n\n        <\/div>\n      <\/div>\n\n            \n<style>\n#banner-1366941677 {\n  padding-top: 500px;\n}\n#banner-1366941677 .bg.bg-loaded {\n  background-image: url(https:\/\/proteklabofrance.com\/devis\/wp-content\/uploads\/2020\/10\/prestataire-traitement-de-l-air-installation-laboratoire-sorbonnes-industrie-pharmaceutique.jpg);\n}\n<\/style>\n  <\/div>\n\n\n\n<\/div><\/div>\n<div class=\"col grid-col large-4 grid-col-1-2\" ><div class=\"col-inner box-shadow-4\">\n\n\n  <div class=\"banner has-hover bg-zoom-long\" id=\"banner-1142800368\">\n          <div class=\"banner-inner fill\">\n        <div class=\"banner-bg fill\" >\n            <div class=\"bg fill bg-fill \"><\/div>\n                                    \n                    <\/div>\n        <div class=\"banner-layers container\">\n            <div class=\"fill banner-link\"><\/div>            \n\n   <div id=\"text-box-952509241\" class=\"text-box banner-layer x50 md-x50 lg-x50 y50 md-y50 lg-y50 res-text\">\n                                <div class=\"text dark\">\n              \n              <div class=\"text-inner text-center\">\n                  \n\n<h3 class=\"uppercase\" style=\"padding:20px;\"><strong>Laboratoires<\/strong><\/h3>\n\n              <\/div>\n           <\/div>\n                            \n<style>\n#text-box-952509241 .text {\n  background-color: rgb(45, 140, 204);\n  font-size: 100%;\n}\n#text-box-952509241 {\n  width: 100%;\n}\n<\/style>\n    <\/div>\n \n\n        <\/div>\n      <\/div>\n\n            \n<style>\n#banner-1142800368 {\n  padding-top: 500px;\n}\n#banner-1142800368 .bg.bg-loaded {\n  background-image: url(https:\/\/proteklabofrance.com\/devis\/wp-content\/uploads\/2020\/10\/laboratoire-de-recherche-hopital.jpg);\n}\n<\/style>\n  <\/div>\n\n\n\n<\/div><\/div>\n<div class=\"col grid-col large-4 grid-col-1-2\" ><div class=\"col-inner box-shadow-4\">\n\n\n  <div class=\"banner has-hover bg-zoom-long\" id=\"banner-1604252938\">\n          <div class=\"banner-inner fill\">\n        <div class=\"banner-bg fill\" >\n            <div class=\"bg fill bg-fill \"><\/div>\n                                    \n                    <\/div>\n        <div class=\"banner-layers container\">\n            <div class=\"fill banner-link\"><\/div>            \n\n   <div id=\"text-box-706480557\" class=\"text-box banner-layer x50 md-x50 lg-x50 y50 md-y50 lg-y50 res-text\">\n                                <div class=\"text dark\">\n              \n              <div class=\"text-inner text-center\">\n                  \n\n<h3 class=\"uppercase\" style=\"padding:20px;\"><strong>\u00c9ducation nationale<\/strong><\/h3>\n\n              <\/div>\n           <\/div>\n                            \n<style>\n#text-box-706480557 .text {\n  background-color: rgb(45, 140, 204);\n  font-size: 100%;\n}\n#text-box-706480557 {\n  width: 100%;\n}\n<\/style>\n    <\/div>\n \n\n        <\/div>\n      <\/div>\n\n            \n<style>\n#banner-1604252938 {\n  padding-top: 99.99%;\n}\n#banner-1604252938 .bg.bg-loaded {\n  background-image: url(https:\/\/proteklabofrance.com\/devis\/wp-content\/uploads\/2020\/11\/maintenance-regulation-sorbonnes-laboratoire-education-nationale.jpg);\n}\n<\/style>\n  <\/div>\n\n\n\n<\/div><\/div>\n\n            <\/div>\n    <style>\n    #banner-grid-1286377530 .grid-col-1{height: 600px}\n    #banner-grid-1286377530 .grid-col-1-2{height: 300px}\n    #banner-grid-1286377530 .grid-col-1-3{height:200px}\n    #banner-grid-1286377530 .grid-col-2-3{height: 400px}\n    #banner-grid-1286377530 .grid-col-1-4{height: 150px}\n    #banner-grid-1286377530 .grid-col-3-4{height: 450px}\n\n\n    \n    \n\n  <\/style>\n    <\/div>\n  \n\t<div id=\"gap-1709296363\" class=\"gap-element clearfix\" style=\"display:block; height:auto;\">\n\t\t\n<style>\n#gap-1709296363 {\n  padding-top: 30px;\n}\n<\/style>\n\t<\/div>\n\t\n\n<div class=\"message-box relative hide-for-small dark\" style=\"padding-top:36px;padding-bottom:36px;\"><div class=\"message-box-bg-image bg-fill fill\" ><\/div><div class=\"message-box-bg-overlay bg-fill fill\" style=\"background-color:rgb(0, 0, 0);\"><\/div><div class=\"container relative\"><div class=\"inner last-reset\">\n\n<div class=\"row align-middle\"  id=\"row-216019278\">\n\n\n\t<div id=\"col-1761255858\" class=\"col medium-7 small-12 large-7\"  >\n\t\t<div class=\"col-inner\"  >\n\t\t\t\n\t\t\t\n\n<h2 class=\"uppercase\">Un conseiller \u00e0 votre \u00e9coute<\/h2>\n<p>Contactez-nous directement par t\u00e9l\u00e9phone pour obtenir des r\u00e9ponses rapides aux questions que vous vous posez.<\/p>\n\n\t\t<\/div>\n\t\t\t<\/div>\n\n\t\n\n\t<div id=\"col-1842720954\" class=\"col medium-5 small-12 large-5\"  >\n\t\t<div class=\"col-inner text-right\"  >\n\t\t\t\n\t\t\t\n\n\t<div id=\"gap-1459054088\" class=\"gap-element clearfix\" style=\"display:block; height:auto;\">\n\t\t\n<style>\n#gap-1459054088 {\n  padding-top: 30px;\n}\n<\/style>\n\t<\/div>\n\t\n\n<a data-animate=\"flipInY\" class=\"button white is-outline is-larger hide-for-small\"  >\n  <i class=\"icon-phone\" ><\/i>  <span>04 57 12 05 37<\/span>\n  <\/a>\n\n\n\n\t\t<\/div>\n\t\t\t<\/div>\n\n\t\n\n<\/div>\n\n<\/div><\/div><\/div>\n\t<div id=\"gap-1620493946\" class=\"gap-element clearfix\" style=\"display:block; height:auto;\">\n\t\t\n<style>\n#gap-1620493946 {\n  padding-top: 30px;\n}\n<\/style>\n\t<\/div>\n\t\n","protected":false},"excerpt":{"rendered":"<p>Maintenance et Regulation de Sorbonnes de Laboratoires Var Devis Installation Hottes de laboratoire et paillasses Trouvez votre service regulation de sorbonnes de Laboratoires Var et Devis Installation Hottes de laboratoire et paillasses chez Protek Labo France.<\/p>\n","protected":false},"featured_media":1450,"comment_status":"closed","ping_status":"open","template":"","meta":[],"_links":{"self":[{"href":"https:\/\/proteklabofrance.com\/devis\/wp-json\/wp\/v2\/product\/1326"}],"collection":[{"href":"https:\/\/proteklabofrance.com\/devis\/wp-json\/wp\/v2\/product"}],"about":[{"href":"https:\/\/proteklabofrance.com\/devis\/wp-json\/wp\/v2\/types\/product"}],"replies":[{"embeddable":true,"href":"https:\/\/proteklabofrance.com\/devis\/wp-json\/wp\/v2\/comments?post=1326"}],"wp:featuredmedia":[{"embeddable":true,"href":"https:\/\/proteklabofrance.com\/devis\/wp-json\/wp\/v2\/media\/1450"}],"wp:attachment":[{"href":"https:\/\/proteklabofrance.com\/devis\/wp-json\/wp\/v2\/media?parent=1326"}],"curies":[{"name":"wp","href":"https:\/\/api.w.org\/{rel}","templated":true}]}}