{"id":267,"date":"2020-10-08T20:14:43","date_gmt":"2020-10-08T20:14:43","guid":{"rendered":"https:\/\/proteklabofrance.com\/devis\/?page_id=267"},"modified":"2020-11-16T11:51:45","modified_gmt":"2020-11-16T11:51:45","slug":"devis-pro","status":"publish","type":"page","link":"https:\/\/proteklabofrance.com\/devis\/","title":{"rendered":"Devis pro"},"content":{"rendered":"\n  <div id=\"page-header-1005330764\" class=\"page-header-wrapper\">\n  <div class=\"page-title dark featured-title\">\n\n    \n    <div class=\"page-title-inner container align-center flex-row medium-flex-wrap\" >\n              <div class=\"title-wrapper flex-col text-left medium-text-center\">\n          <h1 class=\"entry-title mb-0\">\n            Obtenez Votre Devis Rapidement &amp; Gratuitement          <\/h1>\n        <\/div>\n                    <div class=\"title-content flex-col flex-right text-right medium-text-center\">\n        <div class=\"title-share pt-half pb-half\"><div class=\"social-icons share-icons share-row relative\" ><a href=\"whatsapp:\/\/send?text=Devis%20pro - https:\/\/proteklabofrance.com\/devis\/\" data-action=\"share\/whatsapp\/share\" class=\"icon button circle is-outline tooltip whatsapp show-for-medium\" title=\"Share on WhatsApp\"><i class=\"icon-whatsapp\"><\/i><\/a><a href=\"\/\/www.facebook.com\/sharer.php?u=https:\/\/proteklabofrance.com\/devis\/\" data-label=\"Facebook\" onclick=\"window.open(this.href,this.title,'width=500,height=500,top=300px,left=300px');  return false;\" rel=\"noopener noreferrer nofollow\" target=\"_blank\" class=\"icon button circle is-outline tooltip facebook\" title=\"Partager sur Facebook\"><i class=\"icon-facebook\" ><\/i><\/a><a href=\"\/\/twitter.com\/share?url=https:\/\/proteklabofrance.com\/devis\/\" onclick=\"window.open(this.href,this.title,'width=500,height=500,top=300px,left=300px');  return false;\" rel=\"noopener noreferrer nofollow\" target=\"_blank\" class=\"icon button circle is-outline tooltip twitter\" title=\"Partager sur Twitter\"><i class=\"icon-twitter\" ><\/i><\/a><a href=\"mailto:enteryour@addresshere.com?subject=Devis%20pro&amp;body=Check%20this%20out:%20https:\/\/proteklabofrance.com\/devis\/\" rel=\"nofollow\" class=\"icon button circle is-outline tooltip email\" title=\"Envoyer par mail\"><i class=\"icon-envelop\" ><\/i><\/a><a href=\"\/\/pinterest.com\/pin\/create\/button\/?url=https:\/\/proteklabofrance.com\/devis\/&amp;media=&amp;description=Devis%20pro\" onclick=\"window.open(this.href,this.title,'width=500,height=500,top=300px,left=300px');  return false;\" rel=\"noopener noreferrer nofollow\" target=\"_blank\" class=\"icon button circle is-outline tooltip pinterest\" title=\"Epingler sur Pinterest\"><i class=\"icon-pinterest\" ><\/i><\/a><a href=\"\/\/www.linkedin.com\/shareArticle?mini=true&url=https:\/\/proteklabofrance.com\/devis\/&title=Devis%20pro\" onclick=\"window.open(this.href,this.title,'width=500,height=500,top=300px,left=300px');  return false;\"  rel=\"noopener noreferrer nofollow\" target=\"_blank\" class=\"icon button circle is-outline tooltip linkedin\" title=\"Share on LinkedIn\"><i class=\"icon-linkedin\" ><\/i><\/a><\/div><\/div>      <\/div>\n    <\/div>\n\n       <\/div>\n    <\/div>\n  \n\n\t<div id=\"gap-188421484\" class=\"gap-element clearfix\" style=\"display:block; height:auto;\">\n\t\t\n<style>\n#gap-188421484 {\n  padding-top: 30px;\n}\n<\/style>\n\t<\/div>\n\t\n\n<div class=\"row\"  id=\"row-1440413395\">\n\n\n\t<div id=\"col-706319378\" class=\"col medium-6 small-12 large-6 col-divided\"  >\n\t\t<div class=\"col-inner text-center box-shadow-3 text-shadow-5\" style=\"background-color:rgb(255, 255, 255);\" >\n\t\t\t\n\t\t\t\n\n\t<div class=\"img has-hover x md-x lg-x y md-y lg-y\" id=\"image_467236835\">\n\t\t\t\t\t\t<div data-animate=\"bounceInLeft\">\t\t<div class=\"img-inner image-cover box-shadow-4 dark\" style=\"padding-top:530px;\">\n\t\t\t<img width=\"622\" height=\"800\" src=\"https:\/\/proteklabofrance.com\/devis\/wp-content\/uploads\/2020\/11\/audit-conseil-regulation-sorbonne-installation-laboratoire-protek-labo-france-4-622x800.jpg\" class=\"attachment-large size-large\" alt=\"\" loading=\"lazy\" srcset=\"https:\/\/proteklabofrance.com\/devis\/wp-content\/uploads\/2020\/11\/audit-conseil-regulation-sorbonne-installation-laboratoire-protek-labo-france-4-622x800.jpg 622w, https:\/\/proteklabofrance.com\/devis\/wp-content\/uploads\/2020\/11\/audit-conseil-regulation-sorbonne-installation-laboratoire-protek-labo-france-4-311x400.jpg 311w, https:\/\/proteklabofrance.com\/devis\/wp-content\/uploads\/2020\/11\/audit-conseil-regulation-sorbonne-installation-laboratoire-protek-labo-france-4-510x656.jpg 510w, https:\/\/proteklabofrance.com\/devis\/wp-content\/uploads\/2020\/11\/audit-conseil-regulation-sorbonne-installation-laboratoire-protek-labo-france-4.jpg 649w\" sizes=\"(max-width: 622px) 100vw, 622px\" \/>\t\t\t\t\t\t\n\t\t\t\t\t<\/div>\n\t\t<\/div>\t\t\t\t\t\t\n<style>\n#image_467236835 {\n  width: 90%;\n}\n<\/style>\n\t<\/div>\n\t\n\n\n\t\t<\/div>\n\t\t\n<style>\n#col-706319378 > .col-inner {\n  padding: 25px 0px 25px 0px;\n}\n<\/style>\n\t<\/div>\n\n\t\n\n\t<div id=\"col-628587517\" class=\"col medium-6 small-12 large-6\"  >\n\t\t<div class=\"col-inner text-center box-shadow-4\"  >\n\t\t\t\n\t\t\t\n\n<div class=\"container section-title-container\" ><h3 class=\"section-title section-title-center\"><b><\/b><span class=\"section-title-main\" >Votre Devis rapide & personnalis\u00e9<\/span><b><\/b><\/h3><\/div>\n\n<p style=\"text-align:justify;font-size:18px;\">Votre conseiller Protek Labo France vous adressera dans les meilleurs d\u00e9lais votre devis personnalis\u00e9 en fonction des besoins de votre projet.<\/p>\n<p style=\"text-align:justify;font-size:18px;\">Protek Labo France offre des tarifs comp\u00e9titifs pour un large \u00e9ventail de services aux industries, notamment dans les domaines de la maintenance et r\u00e9gulation de sorbonnes, de la compensation de l\u2019air, de la conception et l\u2019installation de laboratoires, d\u2019inspection de r\u00e9seaux via cam\u00e9ra vid\u00e9o, ou encore de conseil et d\u2019audit pour vos installations industrielles.<\/p>\n<p style=\"text-align:justify;font-size:18px;\">Quels que soient vos besoins ou la nature de votre projet, petit ou grand, nous pouvons vous adresser une proposition tarif\u00e9e comp\u00e9titive et rapide et votre conseiller assurera un suivi personnalis\u00e9 avec une estimation d\u00e9taill\u00e9e pour r\u00e9pondre \u00e0 votre demande de devis. <\/p>\n\n\t\t<\/div>\n\t\t\n<style>\n#col-628587517 > .col-inner {\n  padding: 15px 10px 15px 10px;\n}\n<\/style>\n\t<\/div>\n\n\t\n\n<\/div>\n\n\t<div id=\"gap-1613338468\" class=\"gap-element clearfix\" style=\"display:block; height:auto;\">\n\t\t\n<style>\n#gap-1613338468 {\n  padding-top: 3px;\n}\n<\/style>\n\t<\/div>\n\t\n\n\t<section class=\"section hide-for-small\" id=\"section_1324274270\">\n\t\t<div class=\"bg section-bg fill bg-fill  bg-loaded\" >\n\n\t\t\t\n\t\t\t\n\t\t\t\n\n\t\t<\/div>\n\n\t\t<div class=\"section-content relative\">\n\t\t\t\n\n<div class=\"row\"  id=\"row-1709921985\">\n\n\n\t<div id=\"col-1049188006\" class=\"col small-12 large-12\"  >\n\t\t<div class=\"col-inner\"  >\n\t\t\t\n\t\t\t\n\n<p><iframe height=\"2000\" title=\"Demande de devis Protek Labo France\" allowtransparency=\"true\" frameborder=\"0\" scrolling=\"no\" style=\"width:100%;border:none\" src=\"https:\/\/proteklabo.wufoo.com\/embed\/zrentzw11ykkfr\/\"> <\/iframe><\/p>\n\n\t\t<\/div>\n\t\t\t<\/div>\n\n\t\n\n<\/div>\n\n\t\t<\/div>\n\n\t\t\n<style>\n#section_1324274270 {\n  padding-top: 30px;\n  padding-bottom: 30px;\n}\n<\/style>\n\t<\/section>\n\t\n\t<section class=\"section show-for-small\" id=\"section_215543026\">\n\t\t<div class=\"bg section-bg fill bg-fill  bg-loaded\" >\n\n\t\t\t\n\t\t\t\n\t\t\t\n\n\t\t<\/div>\n\n\t\t<div class=\"section-content relative\">\n\t\t\t\n\n<div class=\"row\"  id=\"row-684283256\">\n\n\n\t<div id=\"col-1927963447\" class=\"col small-12 large-12\"  >\n\t\t<div class=\"col-inner\"  >\n\t\t\t\n\t\t\t\n\n<p><iframe height=\"2500\" title=\"Demande de devis Protek Labo France\" allowtransparency=\"true\" frameborder=\"0\" scrolling=\"no\" style=\"width:100%;border:none\" src=\"https:\/\/proteklabo.wufoo.com\/embed\/zrentzw11ykkfr\/\"> <\/iframe><\/p>\n\n\t\t<\/div>\n\t\t\t<\/div>\n\n\t\n\n<\/div>\n\n\t\t<\/div>\n\n\t\t\n<style>\n#section_215543026 {\n  padding-top: 30px;\n  padding-bottom: 30px;\n}\n<\/style>\n\t<\/section>\n\t\n\t<div id=\"gap-900647086\" class=\"gap-element clearfix\" style=\"display:block; height:auto;\">\n\t\t\n<style>\n#gap-900647086 {\n  padding-top: 50px;\n}\n<\/style>\n\t<\/div>\n\t\n\n<div class=\"container section-title-container\" ><h1 class=\"section-title section-title-bold-center\"><b><\/b><span class=\"section-title-main\" >Nos clients<\/span><b><\/b><\/h1><\/div>\n\n  <div class=\"banner-grid-wrapper\">\n  <div id=\"banner-grid-1423402410\" class=\"banner-grid row row-grid row-small\" data-packery-options=\"\">\n                      \n\n<div class=\"col grid-col large-4 grid-col-1-2\" ><div class=\"col-inner box-shadow-4\">\n\n\n  <div class=\"banner has-hover bg-zoom-long\" id=\"banner-401160588\">\n          <div class=\"banner-inner fill\">\n        <div class=\"banner-bg fill\" >\n            <div class=\"bg fill bg-fill \"><\/div>\n                                    \n                    <\/div>\n        <div class=\"banner-layers container\">\n            <div class=\"fill banner-link\"><\/div>            \n\n   <div id=\"text-box-2055709802\" class=\"text-box banner-layer x50 md-x50 lg-x50 y50 md-y50 lg-y50 res-text\">\n                                <div class=\"text dark\">\n              \n              <div class=\"text-inner text-center\">\n                  \n\n<h3 class=\"uppercase\" style=\"padding:20px;\"><strong>OILS &amp; GAS Industrie<\/strong><\/h3>\n\n              <\/div>\n           <\/div>\n                            \n<style>\n#text-box-2055709802 .text {\n  background-color: rgb(45, 140, 204);\n  font-size: 100%;\n}\n#text-box-2055709802 {\n  width: 100%;\n}\n<\/style>\n    <\/div>\n \n\n        <\/div>\n      <\/div>\n\n            \n<style>\n#banner-401160588 {\n  padding-top: 500px;\n}\n#banner-401160588 .bg.bg-loaded {\n  background-image: url(https:\/\/proteklabofrance.com\/devis\/wp-content\/uploads\/2020\/10\/prestataire-traitement-de-l-air-installation-laboratoire-sorbonnes-oil-gas-industrie.jpg);\n}\n<\/style>\n  <\/div>\n\n\n\n<\/div><\/div>\n<div class=\"col grid-col large-4 grid-col-1-2\" ><div class=\"col-inner box-shadow-4\">\n\n\n  <div class=\"banner has-hover bg-zoom-long\" id=\"banner-1458854592\">\n          <div class=\"banner-inner fill\">\n        <div class=\"banner-bg fill\" >\n            <div class=\"bg fill bg-fill \"><\/div>\n                                    \n                    <\/div>\n        <div class=\"banner-layers container\">\n            <div class=\"fill banner-link\"><\/div>            \n\n   <div id=\"text-box-1557613652\" class=\"text-box banner-layer x50 md-x50 lg-x50 y50 md-y50 lg-y50 res-text\">\n                                <div class=\"text dark\">\n              \n              <div class=\"text-inner text-center\">\n                  \n\n<h3 class=\"uppercase\" style=\"padding:20px;\"><strong>Raffinerie &#8211; Petrochimie<\/strong><\/h3>\n\n              <\/div>\n           <\/div>\n                            \n<style>\n#text-box-1557613652 .text {\n  background-color: rgb(45, 140, 204);\n  font-size: 100%;\n}\n#text-box-1557613652 {\n  width: 100%;\n}\n<\/style>\n    <\/div>\n \n\n        <\/div>\n      <\/div>\n\n            \n<style>\n#banner-1458854592 {\n  padding-top: 500px;\n}\n#banner-1458854592 .bg.bg-loaded {\n  background-image: url(https:\/\/proteklabofrance.com\/devis\/wp-content\/uploads\/2020\/10\/prestataire-traitement-de-l-air-installation-laboratoire-sorbonnes-raffinerie-petrochimie-industrie.jpg);\n}\n<\/style>\n  <\/div>\n\n\n\n<\/div><\/div>\n<div class=\"col grid-col large-4 grid-col-1-2\" ><div class=\"col-inner box-shadow-4\">\n\n\n  <div class=\"banner has-hover bg-zoom-long\" id=\"banner-470487024\">\n          <div class=\"banner-inner fill\">\n        <div class=\"banner-bg fill\" >\n            <div class=\"bg fill bg-fill \"><\/div>\n                                    \n                    <\/div>\n        <div class=\"banner-layers container\">\n            <div class=\"fill banner-link\"><\/div>            \n\n   <div id=\"text-box-1670383912\" class=\"text-box banner-layer x50 md-x50 lg-x50 y50 md-y50 lg-y50 res-text\">\n                                <div class=\"text dark\">\n              \n              <div class=\"text-inner text-center\">\n                  \n\n<h3 class=\"uppercase\" style=\"padding:20px;\"><strong>Energie &amp; Environnement<\/strong><\/h3>\n\n              <\/div>\n           <\/div>\n                            \n<style>\n#text-box-1670383912 .text {\n  background-color: rgb(45, 140, 204);\n  font-size: 100%;\n}\n#text-box-1670383912 {\n  width: 100%;\n}\n<\/style>\n    <\/div>\n \n\n        <\/div>\n      <\/div>\n\n            \n<style>\n#banner-470487024 {\n  padding-top: 500px;\n}\n#banner-470487024 .bg.bg-loaded {\n  background-image: url(https:\/\/proteklabofrance.com\/devis\/wp-content\/uploads\/2020\/10\/prestataire-traitement-de-l-air-installation-laboratoire-sorbonnes-Energie-Environnement-industrie.jpg);\n}\n<\/style>\n  <\/div>\n\n\n\n<\/div><\/div>\n<div class=\"col grid-col large-4 grid-col-1-2\" ><div class=\"col-inner box-shadow-4\">\n\n\n  <div class=\"banner has-hover bg-zoom-long\" id=\"banner-842234315\">\n          <div class=\"banner-inner fill\">\n        <div class=\"banner-bg fill\" >\n            <div class=\"bg fill bg-fill \"><\/div>\n                                    \n                    <\/div>\n        <div class=\"banner-layers container\">\n            <div class=\"fill banner-link\"><\/div>            \n\n   <div id=\"text-box-669375322\" class=\"text-box banner-layer x50 md-x50 lg-x50 y50 md-y50 lg-y50 res-text\">\n                                <div class=\"text dark\">\n              \n              <div class=\"text-inner text-center\">\n                  \n\n<h3 class=\"uppercase\" style=\"padding:20px;\"><strong>Industrie Pharmaceutique<\/strong><\/h3>\n\n              <\/div>\n           <\/div>\n                            \n<style>\n#text-box-669375322 .text {\n  background-color: rgb(45, 140, 204);\n  font-size: 100%;\n}\n#text-box-669375322 {\n  width: 100%;\n}\n<\/style>\n    <\/div>\n \n\n        <\/div>\n      <\/div>\n\n            \n<style>\n#banner-842234315 {\n  padding-top: 500px;\n}\n#banner-842234315 .bg.bg-loaded {\n  background-image: url(https:\/\/proteklabofrance.com\/devis\/wp-content\/uploads\/2020\/10\/prestataire-traitement-de-l-air-installation-laboratoire-sorbonnes-industrie-pharmaceutique.jpg);\n}\n<\/style>\n  <\/div>\n\n\n\n<\/div><\/div>\n<div class=\"col grid-col large-4 grid-col-1-2\" ><div class=\"col-inner box-shadow-4\">\n\n\n  <div class=\"banner has-hover bg-zoom-long\" id=\"banner-243246414\">\n          <div class=\"banner-inner fill\">\n        <div class=\"banner-bg fill\" >\n            <div class=\"bg fill bg-fill \"><\/div>\n                                    \n                    <\/div>\n        <div class=\"banner-layers container\">\n            <div class=\"fill banner-link\"><\/div>            \n\n   <div id=\"text-box-2101090318\" class=\"text-box banner-layer x50 md-x50 lg-x50 y50 md-y50 lg-y50 res-text\">\n                                <div class=\"text dark\">\n              \n              <div class=\"text-inner text-center\">\n                  \n\n<h3 class=\"uppercase\" style=\"padding:20px;\"><strong>Laboratoires de Recherches<\/strong><\/h3>\n\n              <\/div>\n           <\/div>\n                            \n<style>\n#text-box-2101090318 .text {\n  background-color: rgb(45, 140, 204);\n  font-size: 100%;\n}\n#text-box-2101090318 {\n  width: 100%;\n}\n<\/style>\n    <\/div>\n \n\n        <\/div>\n      <\/div>\n\n            \n<style>\n#banner-243246414 {\n  padding-top: 500px;\n}\n#banner-243246414 .bg.bg-loaded {\n  background-image: url(https:\/\/proteklabofrance.com\/devis\/wp-content\/uploads\/2020\/10\/laboratoire-de-recherche-hopital.jpg);\n}\n<\/style>\n  <\/div>\n\n\n\n<\/div><\/div>\n<div class=\"col grid-col large-4 grid-col-1-2\" ><div class=\"col-inner box-shadow-4\">\n\n\n  <div class=\"banner has-hover bg-zoom-long\" id=\"banner-206128995\">\n          <div class=\"banner-inner fill\">\n        <div class=\"banner-bg fill\" >\n            <div class=\"bg fill bg-fill \"><\/div>\n                                    \n                    <\/div>\n        <div class=\"banner-layers container\">\n            <div class=\"fill banner-link\"><\/div>            \n\n   <div id=\"text-box-623669326\" class=\"text-box banner-layer x50 md-x50 lg-x50 y50 md-y50 lg-y50 res-text\">\n                                <div class=\"text dark\">\n              \n              <div class=\"text-inner text-center\">\n                  \n\n<h3 class=\"uppercase\" style=\"padding:20px;\"><strong>\u00c9ducation nationale<\/strong><\/h3>\n\n              <\/div>\n           <\/div>\n                            \n<style>\n#text-box-623669326 .text {\n  background-color: rgb(45, 140, 204);\n  font-size: 100%;\n}\n#text-box-623669326 {\n  width: 100%;\n}\n<\/style>\n    <\/div>\n \n\n        <\/div>\n      <\/div>\n\n            \n<style>\n#banner-206128995 {\n  padding-top: 99.99%;\n}\n#banner-206128995 .bg.bg-loaded {\n  background-image: url(https:\/\/proteklabofrance.com\/devis\/wp-content\/uploads\/2020\/11\/maintenance-regulation-sorbonnes-laboratoire-education-nationale.jpg);\n}\n<\/style>\n  <\/div>\n\n\n\n<\/div><\/div>\n\n            <\/div>\n    <style>\n    #banner-grid-1423402410 .grid-col-1{height: 600px}\n    #banner-grid-1423402410 .grid-col-1-2{height: 300px}\n    #banner-grid-1423402410 .grid-col-1-3{height:200px}\n    #banner-grid-1423402410 .grid-col-2-3{height: 400px}\n    #banner-grid-1423402410 .grid-col-1-4{height: 150px}\n    #banner-grid-1423402410 .grid-col-3-4{height: 450px}\n\n\n    \n    \n\n  <\/style>\n    <\/div>\n  \n\t<div id=\"gap-1243281412\" class=\"gap-element clearfix\" style=\"display:block; height:auto;\">\n\t\t\n<style>\n#gap-1243281412 {\n  padding-top: 30px;\n}\n<\/style>\n\t<\/div>\n\t\n\n<div class=\"message-box relative hide-for-small dark\" style=\"padding-top:36px;padding-bottom:36px;\"><div class=\"message-box-bg-image bg-fill fill\" ><\/div><div class=\"message-box-bg-overlay bg-fill fill\" style=\"background-color:rgb(0, 0, 0);\"><\/div><div class=\"container relative\"><div class=\"inner last-reset\">\n\n<div class=\"row align-middle\"  id=\"row-1998897990\">\n\n\n\t<div id=\"col-1894297600\" class=\"col medium-7 small-12 large-7\"  >\n\t\t<div class=\"col-inner\"  >\n\t\t\t\n\t\t\t\n\n<h2 class=\"uppercase\">Un conseiller \u00e0 votre \u00e9coute<\/h2>\n<p>Contactez-nous directement par t\u00e9l\u00e9phone pour obtenir des r\u00e9ponses rapides aux questions que vous vous posez.<\/p>\n\n\t\t<\/div>\n\t\t\t<\/div>\n\n\t\n\n\t<div id=\"col-1487524108\" class=\"col medium-5 small-12 large-5\"  >\n\t\t<div class=\"col-inner text-right\"  >\n\t\t\t\n\t\t\t\n\n<a data-animate=\"flipInY\" class=\"button white is-outline is-larger\"  >\n  <i class=\"icon-phone\" ><\/i>  <span>04 57 12 05 37<\/span>\n  <\/a>\n\n\n\n\t\t<\/div>\n\t\t\t<\/div>\n\n\t\n\n<\/div>\n\n<\/div><\/div><\/div>\n\n","protected":false},"excerpt":{"rendered":"","protected":false},"author":1,"featured_media":0,"parent":0,"menu_order":0,"comment_status":"closed","ping_status":"closed","template":"page-blank.php","meta":[],"_links":{"self":[{"href":"https:\/\/proteklabofrance.com\/devis\/wp-json\/wp\/v2\/pages\/267"}],"collection":[{"href":"https:\/\/proteklabofrance.com\/devis\/wp-json\/wp\/v2\/pages"}],"about":[{"href":"https:\/\/proteklabofrance.com\/devis\/wp-json\/wp\/v2\/types\/page"}],"author":[{"embeddable":true,"href":"https:\/\/proteklabofrance.com\/devis\/wp-json\/wp\/v2\/users\/1"}],"replies":[{"embeddable":true,"href":"https:\/\/proteklabofrance.com\/devis\/wp-json\/wp\/v2\/comments?post=267"}],"version-history":[{"count":41,"href":"https:\/\/proteklabofrance.com\/devis\/wp-json\/wp\/v2\/pages\/267\/revisions"}],"predecessor-version":[{"id":2394,"href":"https:\/\/proteklabofrance.com\/devis\/wp-json\/wp\/v2\/pages\/267\/revisions\/2394"}],"wp:attachment":[{"href":"https:\/\/proteklabofrance.com\/devis\/wp-json\/wp\/v2\/media?parent=267"}],"curies":[{"name":"wp","href":"https:\/\/api.w.org\/{rel}","templated":true}]}}